{"id":2467,"date":"2025-10-27T19:50:36","date_gmt":"2025-10-27T17:50:36","guid":{"rendered":"https:\/\/festivalnijemogfilma.com\/?page_id=2467"},"modified":"2025-11-02T22:33:43","modified_gmt":"2025-11-02T20:33:43","slug":"2467-2","status":"publish","type":"page","link":"https:\/\/festivalnijemogfilma.com\/en\/2467-2\/","title":{"rendered":"Competition Programme I"},"content":{"rendered":"<h1>Competition Programme I<\/h1>\n<p>Musical Accompaniment: Vitomir Ivanjek and LHD<\/p>\n<p>&nbsp;<\/p>\n<p><strong><i>Gizaki<\/i> <\/strong>(dir. Xanti Rodr\u00edguez, 2025, Spain, 10&#8242;)<\/p>\n<p><strong><i>Kill the Mosquito<\/i> <\/strong>(dir. \u00c1lvaro S\u00e1nchez De Castro, 2025, Spain, 2&#8242;)<\/p>\n<p><strong><i>The <\/i><i>S<\/i><i>ilver <\/i><i>R<\/i><i>ush<\/i> <\/strong>(<i>La quimera de plata<\/i>, dir. Jorge Pastor, 2025, Spain, 3&#8242;)<\/p>\n<p><strong><i>Thief x Accident<\/i><\/strong> (<i>Ladrona x Accidente<\/i>, dir. Ismael Danna, 2025, Argentina, 5&#8242;)<\/p>\n<p><strong><i>Silent Cinema<\/i> <\/strong>(<i>\u041d\u0435\u043c\u0438 \u0424\u0438\u043b\u043c\u043e\u0432\u0438<\/i>, dir. Krste Gospodinovski, 2025, North Macedonia, 16&#8242;)<\/p>\n<p><i><strong>Just Like in the Movie<\/strong> <\/i>(<i>\u041a\u0430\u043a \u0432 \u043a\u0438\u043d\u043e<\/i>, dir. Elena Volik, 2025, Russia, 8&#8242;)<\/p>\n<p><strong><i>2 in 2<\/i><\/strong> (<em>Dvoje u dvojci<\/em>, dir. Nela Gluhak, 2025, Croatia, 4&#8242;)<\/p>\n<p><i><strong>The Ghost of the Keys<\/strong> <\/i><em>(Il Fantasma delle chiavi<\/em>, dir. Edo Tagliavini, 2025, Italy, 15&#8242;)<\/p>\n<p><strong><i>Scroll <\/i><\/strong>(dir. Cl\u00e0udia Barber\u00e0, Eloi S\u00e1nchez Palau, 2025, Spain, 1&#8242;)<\/p>\n<p><strong><i>Arrange Room<\/i> <\/strong>(dir. Paula Sastre, Laura Ferrer Vergara, 2025, Spain, 4&#8242;)<\/p>\n","protected":false},"excerpt":{"rendered":"<p>Competition Programme I Musical Accompaniment: Vitomir Ivanjek and LHD &nbsp; Gizaki (dir. Xanti Rodr\u00edguez, 2025, Spain, 10&#8242;) Kill the Mosquito [&hellip;]<\/p>\n","protected":false},"author":11,"featured_media":0,"parent":0,"menu_order":0,"comment_status":"closed","ping_status":"closed","template":"","meta":{"site-sidebar-layout":"default","site-content-layout":"","ast-site-content-layout":"default","site-content-style":"default","site-sidebar-style":"default","ast-global-header-display":"","ast-banner-title-visibility":"","ast-main-header-display":"","ast-hfb-above-header-display":"","ast-hfb-below-header-display":"","ast-hfb-mobile-header-display":"","site-post-title":"disabled","ast-breadcrumbs-content":"","ast-featured-img":"","footer-sml-layout":"","theme-transparent-header-meta":"default","adv-header-id-meta":"","stick-header-meta":"","header-above-stick-meta":"","header-main-stick-meta":"","header-below-stick-meta":"","astra-migrate-meta-layouts":"set","ast-page-background-enabled":"default","ast-page-background-meta":{"desktop":{"background-color":"var(--ast-global-color-5)","background-image":"","background-repeat":"repeat","background-position":"center center","background-size":"auto","background-attachment":"scroll","background-type":"","background-media":"","overlay-type":"","overlay-color":"","overlay-opacity":"","overlay-gradient":""},"tablet":{"background-color":"","background-image":"","background-repeat":"repeat","background-position":"center center","background-size":"auto","background-attachment":"scroll","background-type":"","background-media":"","overlay-type":"","overlay-color":"","overlay-opacity":"","overlay-gradient":""},"mobile":{"background-color":"","background-image":"","background-repeat":"repeat","background-position":"center center","background-size":"auto","background-attachment":"scroll","background-type":"","background-media":"","overlay-type":"","overlay-color":"","overlay-opacity":"","overlay-gradient":""}},"ast-content-background-meta":{"desktop":{"background-color":"var(--ast-global-color-4)","background-image":"","background-repeat":"repeat","background-position":"center center","background-size":"auto","background-attachment":"scroll","background-type":"","background-media":"","overlay-type":"","overlay-color":"","overlay-opacity":"","overlay-gradient":""},"tablet":{"background-color":"var(--ast-global-color-4)","background-image":"","background-repeat":"repeat","background-position":"center center","background-size":"auto","background-attachment":"scroll","background-type":"","background-media":"","overlay-type":"","overlay-color":"","overlay-opacity":"","overlay-gradient":""},"mobile":{"background-color":"var(--ast-global-color-4)","background-image":"","background-repeat":"repeat","background-position":"center center","background-size":"auto","background-attachment":"scroll","background-type":"","background-media":"","overlay-type":"","overlay-color":"","overlay-opacity":"","overlay-gradient":""}},"footnotes":""},"class_list":["post-2467","page","type-page","status-publish","hentry"],"_links":{"self":[{"href":"https:\/\/festivalnijemogfilma.com\/en\/wp-json\/wp\/v2\/pages\/2467","targetHints":{"allow":["GET"]}}],"collection":[{"href":"https:\/\/festivalnijemogfilma.com\/en\/wp-json\/wp\/v2\/pages"}],"about":[{"href":"https:\/\/festivalnijemogfilma.com\/en\/wp-json\/wp\/v2\/types\/page"}],"author":[{"embeddable":true,"href":"https:\/\/festivalnijemogfilma.com\/en\/wp-json\/wp\/v2\/users\/11"}],"replies":[{"embeddable":true,"href":"https:\/\/festivalnijemogfilma.com\/en\/wp-json\/wp\/v2\/comments?post=2467"}],"version-history":[{"count":5,"href":"https:\/\/festivalnijemogfilma.com\/en\/wp-json\/wp\/v2\/pages\/2467\/revisions"}],"predecessor-version":[{"id":2808,"href":"https:\/\/festivalnijemogfilma.com\/en\/wp-json\/wp\/v2\/pages\/2467\/revisions\/2808"}],"wp:attachment":[{"href":"https:\/\/festivalnijemogfilma.com\/en\/wp-json\/wp\/v2\/media?parent=2467"}],"curies":[{"name":"wp","href":"https:\/\/api.w.org\/{rel}","templated":true}]}}